{"id":83,"date":"2024-01-24T16:57:52","date_gmt":"2024-01-24T15:57:52","guid":{"rendered":"https:\/\/letrigram.com\/?page_id=83"},"modified":"2025-03-05T13:00:29","modified_gmt":"2025-03-05T12:00:29","slug":"a-propos","status":"publish","type":"page","link":"https:\/\/letrigram.com\/?page_id=83","title":{"rendered":"A propos"},"content":{"rendered":"\t\t<div data-elementor-type=\"wp-page\" data-elementor-id=\"83\" class=\"elementor elementor-83\">\n\t\t\t\t<div class=\"elementor-element elementor-element-7a32cba e-flex e-con-boxed e-con e-parent\" data-id=\"7a32cba\" data-element_type=\"container\" data-e-type=\"container\">\n\t\t\t\t\t<div class=\"e-con-inner\">\n\t\t<div class=\"elementor-element elementor-element-72ede67 e-con-full e-flex e-con e-child\" data-id=\"72ede67\" data-element_type=\"container\" data-e-type=\"container\">\n\t\t\t\t<div class=\"elementor-element elementor-element-67a754b elementor-widget elementor-widget-image\" data-id=\"67a754b\" data-element_type=\"widget\" data-e-type=\"widget\" data-widget_type=\"image.default\">\n\t\t\t\t<div class=\"elementor-widget-container\">\n\t\t\t\t\t\t\t\t\t\t\t\t\t\t\t<img fetchpriority=\"high\" decoding=\"async\" width=\"480\" height=\"640\" src=\"https:\/\/letrigram.com\/wp-content\/uploads\/2024\/02\/IMG_8272.jpg\" class=\"attachment-large size-large wp-image-111\" alt=\"\" srcset=\"https:\/\/letrigram.com\/wp-content\/uploads\/2024\/02\/IMG_8272.jpg 480w, https:\/\/letrigram.com\/wp-content\/uploads\/2024\/02\/IMG_8272-225x300.jpg 225w\" sizes=\"(max-width: 480px) 100vw, 480px\" \/>\t\t\t\t\t\t\t\t\t\t\t\t\t\t\t<\/div>\n\t\t\t\t<\/div>\n\t\t\t\t<\/div>\n\t\t<div class=\"elementor-element elementor-element-1d5a32f e-con-full e-flex e-con e-child\" data-id=\"1d5a32f\" data-element_type=\"container\" data-e-type=\"container\">\n\t\t\t\t<div class=\"elementor-element elementor-element-17a2df5 elementor-widget elementor-widget-text-editor\" data-id=\"17a2df5\" data-element_type=\"widget\" data-e-type=\"widget\" data-widget_type=\"text-editor.default\">\n\t\t\t\t<div class=\"elementor-widget-container\">\n\t\t\t\t\t\t\t\t\t<p style=\"font-weight: 400;\">Fond\u00e9e en 2023 sur Dijon par l&#8217;association DiverZarts, la galerie LE TRIGRAM se veut un espace d\u00e9di\u00e9 aux arts visuels contemporains, un lieu de diffusion et r\u00e9flexion autour de l\u2019art contemporain.<\/p><p style=\"font-weight: 400;\"><span style=\"font-size: 14px; text-align: var(--text-align);\">La galerie a pour ambition de soutenir des plasticien.nes \u00e9mergents \u00a0sur la sc\u00e8ne artistique r\u00e9gionale, nationale et internationale rarement pr\u00e9sent\u00e9s sur notre territoire.<\/span><\/p><p style=\"font-weight: 400;\"><span style=\"font-size: 14px; text-align: var(--text-align);\">Notre \u00a0action est de rep\u00e9rer des artistes pluridisciplinaires \u00e0 la d\u00e9marche singuli\u00e8re ouvrant l&#8217;\u00e9ventail des possibles en terme technique et intrins\u00e8que \u00e0 leur parcours personnel. <\/span>La galerie \u00a0propose \u00e0 chacun d&#8217;entre-eux une exposition monographique m\u00ealant oeuvres r\u00e9centes ou repr\u00e9sentatives de leur parcours visuel.<\/p><p style=\"font-weight: 400;\">Elle promeut diff\u00e9rents types de m\u00e9diums : Dessins, sculptures, peintures, textiles, art vid\u00e9o, photos et installations &#8230;<\/p><p style=\"font-weight: 400;\">Notre volont\u00e9 est de \u00a0toucher les champs de la culture propices aux \u00e9changes et aux rapprochements entre l\u2019art et le public. Nous faisons un v\u00e9ritable travail de recherche d\u2019artistes plasticien.nes, d\u2019accueil, d\u2019\u00e9change, de dialogue et de partage avec les publics autour des \u0153uvres pr\u00e9sent\u00e9es.<\/p><p style=\"font-weight: 400;\">\u00a0<\/p>\t\t\t\t\t\t\t\t<\/div>\n\t\t\t\t<\/div>\n\t\t\t\t<\/div>\n\t\t\t\t\t<\/div>\n\t\t\t\t<\/div>\n\t\t\t\t<\/div>\n\t\t","protected":false},"excerpt":{"rendered":"<p>Fond\u00e9e en 2023 sur Dijon par l&#8217;association DiverZarts, la galerie LE TRIGRAM se veut un espace d\u00e9di\u00e9 aux arts visuels contemporains, un lieu de diffusion et r\u00e9flexion autour de l\u2019art contemporain. La galerie a pour ambition de soutenir des plasticien.nes \u00e9mergents \u00a0sur la sc\u00e8ne artistique r\u00e9gionale, nationale et internationale rarement pr\u00e9sent\u00e9s sur notre territoire. Notre [&hellip;]<\/p>\n","protected":false},"author":1,"featured_media":0,"parent":0,"menu_order":0,"comment_status":"closed","ping_status":"closed","template":"","meta":{"ocean_post_layout":"","ocean_both_sidebars_style":"","ocean_both_sidebars_content_width":0,"ocean_both_sidebars_sidebars_width":0,"ocean_sidebar":"","ocean_second_sidebar":"","ocean_disable_margins":"enable","ocean_add_body_class":"","ocean_shortcode_before_top_bar":"","ocean_shortcode_after_top_bar":"","ocean_shortcode_before_header":"","ocean_shortcode_after_header":"","ocean_has_shortcode":"","ocean_shortcode_after_title":"","ocean_shortcode_before_footer_widgets":"","ocean_shortcode_after_footer_widgets":"","ocean_shortcode_before_footer_bottom":"","ocean_shortcode_after_footer_bottom":"","ocean_display_top_bar":"default","ocean_display_header":"default","ocean_header_style":"","ocean_center_header_left_menu":"","ocean_custom_header_template":"","ocean_custom_logo":0,"ocean_custom_retina_logo":0,"ocean_custom_logo_max_width":0,"ocean_custom_logo_tablet_max_width":0,"ocean_custom_logo_mobile_max_width":0,"ocean_custom_logo_max_height":0,"ocean_custom_logo_tablet_max_height":0,"ocean_custom_logo_mobile_max_height":0,"ocean_header_custom_menu":"","ocean_menu_typo_font_family":"","ocean_menu_typo_font_subset":"","ocean_menu_typo_font_size":0,"ocean_menu_typo_font_size_tablet":0,"ocean_menu_typo_font_size_mobile":0,"ocean_menu_typo_font_size_unit":"px","ocean_menu_typo_font_weight":"","ocean_menu_typo_font_weight_tablet":"","ocean_menu_typo_font_weight_mobile":"","ocean_menu_typo_transform":"","ocean_menu_typo_transform_tablet":"","ocean_menu_typo_transform_mobile":"","ocean_menu_typo_line_height":0,"ocean_menu_typo_line_height_tablet":0,"ocean_menu_typo_line_height_mobile":0,"ocean_menu_typo_line_height_unit":"","ocean_menu_typo_spacing":0,"ocean_menu_typo_spacing_tablet":0,"ocean_menu_typo_spacing_mobile":0,"ocean_menu_typo_spacing_unit":"","ocean_menu_link_color":"","ocean_menu_link_color_hover":"","ocean_menu_link_color_active":"","ocean_menu_link_background":"","ocean_menu_link_hover_background":"","ocean_menu_link_active_background":"","ocean_menu_social_links_bg":"","ocean_menu_social_hover_links_bg":"","ocean_menu_social_links_color":"","ocean_menu_social_hover_links_color":"","ocean_disable_title":"default","ocean_disable_heading":"default","ocean_post_title":"","ocean_post_subheading":"","ocean_post_title_style":"","ocean_post_title_background_color":"","ocean_post_title_background":0,"ocean_post_title_bg_image_position":"","ocean_post_title_bg_image_attachment":"","ocean_post_title_bg_image_repeat":"","ocean_post_title_bg_image_size":"","ocean_post_title_height":0,"ocean_post_title_bg_overlay":0.5,"ocean_post_title_bg_overlay_color":"","ocean_disable_breadcrumbs":"default","ocean_breadcrumbs_color":"","ocean_breadcrumbs_separator_color":"","ocean_breadcrumbs_links_color":"","ocean_breadcrumbs_links_hover_color":"","ocean_display_footer_widgets":"default","ocean_display_footer_bottom":"default","ocean_custom_footer_template":"","footnotes":""},"class_list":["post-83","page","type-page","status-publish","hentry","entry"],"_links":{"self":[{"href":"https:\/\/letrigram.com\/index.php?rest_route=\/wp\/v2\/pages\/83","targetHints":{"allow":["GET"]}}],"collection":[{"href":"https:\/\/letrigram.com\/index.php?rest_route=\/wp\/v2\/pages"}],"about":[{"href":"https:\/\/letrigram.com\/index.php?rest_route=\/wp\/v2\/types\/page"}],"author":[{"embeddable":true,"href":"https:\/\/letrigram.com\/index.php?rest_route=\/wp\/v2\/users\/1"}],"replies":[{"embeddable":true,"href":"https:\/\/letrigram.com\/index.php?rest_route=%2Fwp%2Fv2%2Fcomments&post=83"}],"version-history":[{"count":25,"href":"https:\/\/letrigram.com\/index.php?rest_route=\/wp\/v2\/pages\/83\/revisions"}],"predecessor-version":[{"id":996,"href":"https:\/\/letrigram.com\/index.php?rest_route=\/wp\/v2\/pages\/83\/revisions\/996"}],"wp:attachment":[{"href":"https:\/\/letrigram.com\/index.php?rest_route=%2Fwp%2Fv2%2Fmedia&parent=83"}],"curies":[{"name":"wp","href":"https:\/\/api.w.org\/{rel}","templated":true}]}}